{"id":8763,"date":"2025-12-08T11:34:12","date_gmt":"2025-12-08T10:34:12","guid":{"rendered":"https:\/\/tratec.no\/?page_id=8763"},"modified":"2026-01-12T09:30:36","modified_gmt":"2026-01-12T08:30:36","slug":"quality-policy","status":"publish","type":"page","link":"https:\/\/tratec.no\/en\/kvalitetspolicy\/","title":{"rendered":"Quality and environmental policy"},"content":{"rendered":"<div data-elementor-type=\"wp-page\" data-elementor-id=\"8763\" class=\"elementor elementor-8763\" data-elementor-post-type=\"page\">\n\t\t\t\t<div class=\"elementor-element elementor-element-14f5672 e-flex e-con-boxed e-con e-parent\" data-id=\"14f5672\" data-element_type=\"container\" data-e-type=\"container\" data-settings=\"{&quot;jet_parallax_layout_list&quot;:[]}\">\n\t\t\t\t\t<div class=\"e-con-inner\">\n\t\t<div class=\"elementor-element elementor-element-c6498eb e-con-full e-flex e-con e-child\" data-id=\"c6498eb\" data-element_type=\"container\" data-e-type=\"container\" data-settings=\"{&quot;jet_parallax_layout_list&quot;:[]}\">\n\t\t<div class=\"elementor-element elementor-element-0f13bdc e-con-full e-flex e-con e-child\" data-id=\"0f13bdc\" data-element_type=\"container\" data-e-type=\"container\" data-settings=\"{&quot;background_background&quot;:&quot;classic&quot;,&quot;jet_parallax_layout_list&quot;:[]}\">\n\t\t\t\t<div class=\"elementor-element elementor-element-3b3244c no-padding font-500 elementor-widget elementor-widget-heading\" data-id=\"3b3244c\" data-element_type=\"widget\" data-e-type=\"widget\" data-widget_type=\"heading.default\">\n\t\t\t\t<div class=\"elementor-widget-container\">\n\t\t\t\t\t<h3 class=\"elementor-heading-title elementor-size-default\">Tratec vision: <\/h3>\t\t\t\t<\/div>\n\t\t\t\t<\/div>\n\t\t\t\t<div class=\"elementor-element elementor-element-36ddcc2 no-padding font-300 elementor-widget elementor-widget-heading\" data-id=\"36ddcc2\" data-element_type=\"widget\" data-e-type=\"widget\" data-widget_type=\"heading.default\">\n\t\t\t\t<div class=\"elementor-widget-container\">\n\t\t\t\t\t<h3 class=\"elementor-heading-title elementor-size-default\">\u00abTogether we create value\u00bb<\/h3>\t\t\t\t<\/div>\n\t\t\t\t<\/div>\n\t\t\t\t<\/div>\n\t\t<div class=\"elementor-element elementor-element-8e9eec3 e-con-full e-flex e-con e-child\" data-id=\"8e9eec3\" data-element_type=\"container\" data-e-type=\"container\" data-settings=\"{&quot;background_background&quot;:&quot;classic&quot;,&quot;jet_parallax_layout_list&quot;:[]}\">\n\t\t\t\t<div class=\"elementor-element elementor-element-88a60f4 no-padding font-500 elementor-widget elementor-widget-heading\" data-id=\"88a60f4\" data-element_type=\"widget\" data-e-type=\"widget\" data-widget_type=\"heading.default\">\n\t\t\t\t<div class=\"elementor-widget-container\">\n\t\t\t\t\t<h3 class=\"elementor-heading-title elementor-size-default\">Tratec values: <\/h3>\t\t\t\t<\/div>\n\t\t\t\t<\/div>\n\t\t\t\t<div class=\"elementor-element elementor-element-fee253f no-padding font-300 elementor-widget elementor-widget-heading\" data-id=\"fee253f\" data-element_type=\"widget\" data-e-type=\"widget\" data-widget_type=\"heading.default\">\n\t\t\t\t<div class=\"elementor-widget-container\">\n\t\t\t\t\t<h3 class=\"elementor-heading-title elementor-size-default\">Quality, trust, and decisiveness.<\/h3>\t\t\t\t<\/div>\n\t\t\t\t<\/div>\n\t\t\t\t<\/div>\n\t\t\t\t<\/div>\n\t\t<div class=\"elementor-element elementor-element-00417b9 e-con-full e-flex e-con e-child\" data-id=\"00417b9\" data-element_type=\"container\" data-e-type=\"container\" data-settings=\"{&quot;jet_parallax_layout_list&quot;:[]}\">\n\t\t\t\t<div class=\"elementor-element elementor-element-f3c535e font-300 elementor-widget elementor-widget-text-editor\" data-id=\"f3c535e\" data-element_type=\"widget\" data-e-type=\"widget\" data-widget_type=\"text-editor.default\">\n\t\t\t\t<div class=\"elementor-widget-container\">\n\t\t\t\t\t\t\t\t\t<p data-path-to-node=\"1\">The quality and environmental system is established in accordance with\nthe requirements in ISO and API. The system is under continuous\nimprovement to ensure that product quality and work processes are\nrelevant and effective, as well as to protect the external environment.<\/p><p data-path-to-node=\"2\">Our management system aim`s to ensure flawless products and services\nfor our customers, maintain long-term relationships with customers,\nemployees, and suppliers, and ensure good financial performance for the\ncompany. We shall be the preferred supplier to our customers.<\/p><p data-path-to-node=\"3\">We shall identify the environmental impacts that are a direct result of our\nactivities, products, and services, and continuously work to prevent\npollution and reduce our environmental footprint. This applies especially\nto the identified and prioritized environmental aspects.<\/p><p data-path-to-node=\"4\">Tratec is committed to complying with requirements, including regulatory\nrequirements. Customers and their stakeholders shall experience that\ntheir expectations are handled in the best possible way.<\/p><p data-path-to-node=\"5\">Tratec prioritizes competence as a crucial factor to achieve high quality\nand ensure protection of the external environment.<\/p><p data-path-to-node=\"6\">Our work is planned and executed with a focus on high quality, reducing\nhealth and environmental risks, and striving to reduce all negative impacts\nfrom our operations.<\/p><p data-path-to-node=\"7\">Top management is committed to exercising good leadership and\nestablishing necessary guidelines for the continuous improvement of the\ncompany.<\/p><p data-path-to-node=\"8\">All employees, including hired personnel and subcontractors, are\nresponsible for understanding and complying with all guidelines,\nmanagement systems, and relevant procedures.<\/p>\t\t\t\t\t\t\t\t<\/div>\n\t\t\t\t<\/div>\n\t\t\t\t<\/div>\n\t\t\t\t\t<\/div>\n\t\t\t\t<\/div>\n\t\t\t\t<\/div>","protected":false},"excerpt":{"rendered":"<p>Tratec visjon: \u00absammen skaper vi verdier\u00bb Tratec verdier: Kvalitet, tillit og handlekraft. Kvalitet og milj\u00f8systemet er etablert i samsvar med internasjonale krav i ISO og API. Systemet er under kontinuerlig forbedring for \u00e5 sikre at produktkvalitet og arbeidsprosesser er relevante og effektive, samt for beskyttelse av det ytre milj\u00f8et. V\u00e5rt ledelsessystem har som m\u00e5l \u00e5 [&hellip;]<\/p>\n","protected":false},"author":1,"featured_media":0,"parent":0,"menu_order":0,"comment_status":"closed","ping_status":"closed","template":"","meta":{"slim_seo":{"title":"Quality and environmental policy - Tratec","description":"Tratec Vision: \u00abtogether we create value\u00bb Tratec values: Quality, trust and vigour. The quality and environmental system is established in accordance with international requirements."},"iawp_total_views":90,"footnotes":""},"class_list":["post-8763","page","type-page","status-publish","hentry"],"_links":{"self":[{"href":"https:\/\/tratec.no\/en\/wp-json\/wp\/v2\/pages\/8763","targetHints":{"allow":["GET"]}}],"collection":[{"href":"https:\/\/tratec.no\/en\/wp-json\/wp\/v2\/pages"}],"about":[{"href":"https:\/\/tratec.no\/en\/wp-json\/wp\/v2\/types\/page"}],"author":[{"embeddable":true,"href":"https:\/\/tratec.no\/en\/wp-json\/wp\/v2\/users\/1"}],"replies":[{"embeddable":true,"href":"https:\/\/tratec.no\/en\/wp-json\/wp\/v2\/comments?post=8763"}],"version-history":[{"count":8,"href":"https:\/\/tratec.no\/en\/wp-json\/wp\/v2\/pages\/8763\/revisions"}],"predecessor-version":[{"id":10243,"href":"https:\/\/tratec.no\/en\/wp-json\/wp\/v2\/pages\/8763\/revisions\/10243"}],"wp:attachment":[{"href":"https:\/\/tratec.no\/en\/wp-json\/wp\/v2\/media?parent=8763"}],"curies":[{"name":"wp","href":"https:\/\/api.w.org\/{rel}","templated":true}]}}